{"id":2,"date":"2024-05-03T13:54:32","date_gmt":"2024-05-03T13:54:32","guid":{"rendered":"https:\/\/modasbibi.rkinformatika.online\/?page_id=2"},"modified":"2024-05-21T07:16:00","modified_gmt":"2024-05-21T07:16:00","slug":"inicio","status":"publish","type":"page","link":"https:\/\/modasbibi.com\/eus\/","title":{"rendered":"Hasiera"},"content":{"rendered":"\t\t<div data-elementor-type=\"wp-page\" data-elementor-id=\"2\" class=\"elementor elementor-2\" data-elementor-settings=\"{&quot;ha_cmc_init_switcher&quot;:&quot;no&quot;}\" data-elementor-post-type=\"page\">\n\t\t\t\t\t\t<section class=\"elementor-section elementor-top-section elementor-element elementor-element-1e5d47a0 elementor-section-content-space-between elementor-section-boxed elementor-section-height-default elementor-section-height-default\" data-id=\"1e5d47a0\" data-element_type=\"section\" data-e-type=\"section\" data-settings=\"{&quot;background_background&quot;:&quot;classic&quot;,&quot;_ha_eqh_enable&quot;:false}\">\n\t\t\t\t\t\t\t<div class=\"elementor-background-overlay\"><\/div>\n\t\t\t\t\t\t\t<div class=\"elementor-container elementor-column-gap-no\">\n\t\t\t\t\t<div class=\"elementor-column elementor-col-100 elementor-top-column elementor-element elementor-element-7cd120e7\" data-id=\"7cd120e7\" data-element_type=\"column\" data-e-type=\"column\">\n\t\t\t<div class=\"elementor-widget-wrap elementor-element-populated\">\n\t\t\t\t\t\t<section class=\"elementor-section elementor-inner-section elementor-element elementor-element-703ed7d5 elementor-section-boxed elementor-section-height-default elementor-section-height-default\" data-id=\"703ed7d5\" data-element_type=\"section\" data-e-type=\"section\" data-settings=\"{&quot;_ha_eqh_enable&quot;:false}\">\n\t\t\t\t\t\t<div class=\"elementor-container elementor-column-gap-default\">\n\t\t\t\t\t<div class=\"elementor-column elementor-col-100 elementor-inner-column elementor-element elementor-element-22db1fc9\" data-id=\"22db1fc9\" data-element_type=\"column\" data-e-type=\"column\" data-settings=\"{&quot;animation&quot;:&quot;none&quot;}\">\n\t\t\t<div class=\"elementor-widget-wrap elementor-element-populated\">\n\t\t\t\t\t\t<div class=\"elementor-element elementor-element-11be451e elementor-widget-tablet__width-initial elementor-widget-mobile__width-initial elementor-invisible elementor-widget elementor-widget-heading\" data-id=\"11be451e\" data-element_type=\"widget\" data-e-type=\"widget\" data-settings=\"{&quot;_animation&quot;:&quot;fadeInDown&quot;}\" data-widget_type=\"heading.default\">\n\t\t\t\t<div class=\"elementor-widget-container\">\n\t\t\t\t\t<h1 class=\"elementor-heading-title elementor-size-default\">Estilo que inspira, moda que enamora: Descubre tu esencia en cada prenda, en nuestra tienda de ropa para mujeres.<\/h1>\t\t\t\t<\/div>\n\t\t\t\t<\/div>\n\t\t\t\t\t<\/div>\n\t\t<\/div>\n\t\t\t\t\t<\/div>\n\t\t<\/section>\n\t\t\t\t\t<\/div>\n\t\t<\/div>\n\t\t\t\t\t<\/div>\n\t\t<\/section>\n\t\t\t\t<section class=\"elementor-section elementor-top-section elementor-element elementor-element-6a418f23 elementor-section-boxed elementor-section-height-default elementor-section-height-default\" data-id=\"6a418f23\" data-element_type=\"section\" data-e-type=\"section\" data-settings=\"{&quot;_ha_eqh_enable&quot;:false}\">\n\t\t\t\t\t\t<div class=\"elementor-container elementor-column-gap-default\">\n\t\t\t\t\t<div class=\"elementor-column elementor-col-50 elementor-top-column elementor-element elementor-element-235fb790\" data-id=\"235fb790\" data-element_type=\"column\" data-e-type=\"column\" data-settings=\"{&quot;animation&quot;:&quot;none&quot;}\">\n\t\t\t<div class=\"elementor-widget-wrap elementor-element-populated\">\n\t\t\t\t\t\t<div class=\"elementor-element elementor-element-2998b347 elementor-invisible elementor-widget elementor-widget-image\" data-id=\"2998b347\" data-element_type=\"widget\" data-e-type=\"widget\" data-settings=\"{&quot;_animation&quot;:&quot;fadeInLeft&quot;}\" data-widget_type=\"image.default\">\n\t\t\t\t<div class=\"elementor-widget-container\">\n\t\t\t\t\t\t\t\t\t\t\t\t\t\t\t<img fetchpriority=\"high\" decoding=\"async\" width=\"800\" height=\"471\" src=\"https:\/\/modasbibi.com\/wp-content\/uploads\/2024\/05\/modasbibi-1024x603.png\" class=\"attachment-large size-large wp-image-78\" alt=\"\" srcset=\"https:\/\/modasbibi.com\/wp-content\/uploads\/2024\/05\/modasbibi-1024x603.png 1024w, https:\/\/modasbibi.com\/wp-content\/uploads\/2024\/05\/modasbibi-300x177.png 300w, https:\/\/modasbibi.com\/wp-content\/uploads\/2024\/05\/modasbibi-768x452.png 768w, https:\/\/modasbibi.com\/wp-content\/uploads\/2024\/05\/modasbibi-18x12.png 18w, https:\/\/modasbibi.com\/wp-content\/uploads\/2024\/05\/modasbibi.png 1063w\" sizes=\"(max-width: 800px) 100vw, 800px\" \/>\t\t\t\t\t\t\t\t\t\t\t\t\t\t\t<\/div>\n\t\t\t\t<\/div>\n\t\t\t\t\t<\/div>\n\t\t<\/div>\n\t\t\t\t<div class=\"elementor-column elementor-col-50 elementor-top-column elementor-element elementor-element-7272b3e9 elementor-invisible\" data-id=\"7272b3e9\" data-element_type=\"column\" data-e-type=\"column\" data-settings=\"{&quot;animation&quot;:&quot;fadeIn&quot;,&quot;animation_delay&quot;:200}\">\n\t\t\t<div class=\"elementor-widget-wrap elementor-element-populated\">\n\t\t\t\t\t\t<div class=\"elementor-element elementor-element-4eeaaecb elementor-invisible elementor-widget elementor-widget-heading\" data-id=\"4eeaaecb\" data-element_type=\"widget\" data-e-type=\"widget\" data-settings=\"{&quot;_animation&quot;:&quot;fadeInRight&quot;}\" data-widget_type=\"heading.default\">\n\t\t\t\t<div class=\"elementor-widget-container\">\n\t\t\t\t\t<h1 class=\"elementor-heading-title elementor-size-default\">Sobre nosotros<\/h1>\t\t\t\t<\/div>\n\t\t\t\t<\/div>\n\t\t\t\t<div class=\"elementor-element elementor-element-6eb5ded elementor-invisible elementor-widget elementor-widget-text-editor\" data-id=\"6eb5ded\" data-element_type=\"widget\" data-e-type=\"widget\" data-settings=\"{&quot;_animation&quot;:&quot;fadeInRight&quot;}\" data-widget_type=\"text-editor.default\">\n\t\t\t\t<div class=\"elementor-widget-container\">\n\t\t\t\t\t\t\t\t\t<p>Nuestra tienda de moda para mujeres est\u00e1 en el casco viejo y estamos comprometidos a ofrecer un servicio al cliente profesional y personalizado. Nos esforzamos por brindar una experiencia de compra excepcional con una amplia selecci\u00f3n de ropa de alta calidad para resaltar tu belleza y confianza. Vis\u00edtanos hoy para atenci\u00f3n al detalle y un compromiso con la satisfacci\u00f3n del cliente.<\/p>\t\t\t\t\t\t\t\t<\/div>\n\t\t\t\t<\/div>\n\t\t\t\t\t<\/div>\n\t\t<\/div>\n\t\t\t\t\t<\/div>\n\t\t<\/section>\n\t\t\t\t<section class=\"elementor-section elementor-top-section elementor-element elementor-element-122a001b elementor-section-height-min-height elementor-section-boxed elementor-section-height-default elementor-section-items-middle elementor-invisible\" data-id=\"122a001b\" data-element_type=\"section\" data-e-type=\"section\" data-settings=\"{&quot;background_background&quot;:&quot;classic&quot;,&quot;animation&quot;:&quot;fadeIn&quot;,&quot;_ha_eqh_enable&quot;:false}\">\n\t\t\t\t\t\t\t<div class=\"elementor-background-overlay\"><\/div>\n\t\t\t\t\t\t\t<div class=\"elementor-container elementor-column-gap-default\">\n\t\t\t\t\t<div class=\"elementor-column elementor-col-100 elementor-top-column elementor-element elementor-element-493ceaf0 elementor-invisible\" data-id=\"493ceaf0\" data-element_type=\"column\" data-e-type=\"column\" data-settings=\"{&quot;animation&quot;:&quot;fadeIn&quot;,&quot;animation_delay&quot;:200}\">\n\t\t\t<div class=\"elementor-widget-wrap elementor-element-populated\">\n\t\t\t\t\t\t<div class=\"elementor-element elementor-element-7f72909a elementor-invisible elementor-widget elementor-widget-heading\" data-id=\"7f72909a\" data-element_type=\"widget\" data-e-type=\"widget\" data-settings=\"{&quot;_animation&quot;:&quot;fadeInRight&quot;}\" data-widget_type=\"heading.default\">\n\t\t\t\t<div class=\"elementor-widget-container\">\n\t\t\t\t\t<h1 class=\"elementor-heading-title elementor-size-default\">\u00bfPor qu\u00e9 elegirnos?<\/h1>\t\t\t\t<\/div>\n\t\t\t\t<\/div>\n\t\t\t\t<div class=\"elementor-element elementor-element-c4f03e0 elementor-widget-tablet__width-initial elementor-widget-mobile__width-initial elementor-widget elementor-widget-text-editor\" data-id=\"c4f03e0\" data-element_type=\"widget\" data-e-type=\"widget\" data-widget_type=\"text-editor.default\">\n\t\t\t\t<div class=\"elementor-widget-container\">\n\t\t\t\t\t\t\t\t\t<div class=\"flex flex-grow flex-col max-w-full\"><div class=\"min-h-[20px] text-message flex flex-col items-start whitespace-pre-wrap break-words [.text-message+&amp;]:mt-5 overflow-x-auto gap-3\" dir=\"auto\" data-message-author-role=\"assistant\" data-message-id=\"8a0e3219-1d3b-4e10-8d9d-be937919da36\"><div class=\"markdown prose w-full break-words dark:prose-invert dark\"><p>La variedad de estilos y tallas disponibles en nuestra tienda permite encontrar prendas que se ajusten a diferentes gustos, necesidades y tipos de cuerpo, asegurando que cada mujer pueda expresar su estilo personal con confianza y comodidad.<\/p><\/div><\/div><\/div>\t\t\t\t\t\t\t\t<\/div>\n\t\t\t\t<\/div>\n\t\t\t\t\t<\/div>\n\t\t<\/div>\n\t\t\t\t\t<\/div>\n\t\t<\/section>\n\t\t\t\t<section class=\"elementor-section elementor-top-section elementor-element elementor-element-487d5c1f elementor-section-boxed elementor-section-height-default elementor-section-height-default elementor-invisible\" data-id=\"487d5c1f\" data-element_type=\"section\" data-e-type=\"section\" data-settings=\"{&quot;background_background&quot;:&quot;gradient&quot;,&quot;animation&quot;:&quot;fadeIn&quot;,&quot;_ha_eqh_enable&quot;:false}\">\n\t\t\t\t\t\t<div class=\"elementor-container elementor-column-gap-default\">\n\t\t\t\t\t<div class=\"elementor-column elementor-col-100 elementor-top-column elementor-element elementor-element-7c805c80 elementor-invisible\" data-id=\"7c805c80\" data-element_type=\"column\" data-e-type=\"column\" data-settings=\"{&quot;animation&quot;:&quot;fadeIn&quot;,&quot;animation_delay&quot;:400}\">\n\t\t\t<div class=\"elementor-widget-wrap elementor-element-populated\">\n\t\t\t\t\t\t<div class=\"elementor-element elementor-element-19216148 elementor-invisible elementor-widget elementor-widget-heading\" data-id=\"19216148\" data-element_type=\"widget\" data-e-type=\"widget\" data-settings=\"{&quot;_animation&quot;:&quot;fadeInRight&quot;}\" data-widget_type=\"heading.default\">\n\t\t\t\t<div class=\"elementor-widget-container\">\n\t\t\t\t\t<h1 class=\"elementor-heading-title elementor-size-default\">\u00bfA qu\u00e9 esperas para estar a la moda?<\/h1>\t\t\t\t<\/div>\n\t\t\t\t<\/div>\n\t\t\t\t<div class=\"elementor-element elementor-element-c3baf0f elementor-align-center elementor-invisible elementor-widget elementor-widget-button\" data-id=\"c3baf0f\" data-element_type=\"widget\" data-e-type=\"widget\" data-settings=\"{&quot;_animation&quot;:&quot;fadeInRight&quot;}\" data-widget_type=\"button.default\">\n\t\t\t\t<div class=\"elementor-widget-container\">\n\t\t\t\t\t\t\t\t\t<div class=\"elementor-button-wrapper\">\n\t\t\t\t\t<a class=\"elementor-button elementor-button-link elementor-size-sm elementor-animation-grow\" href=\"https:\/\/www.google.es\/maps\/place\/Modas+Bibi\/@43.2592352,-2.922573,16z\/data=!4m14!1m7!3m6!1s0xd4e4fc957eb89d3:0xf6e644788d4a72e9!2sModas+Bibi!8m2!3d43.258532!4d-2.9222252!16s%2Fg%2F1tdkt3bq!3m5!1s0xd4e4fc957eb89d3:0xf6e644788d4a72e9!8m2!3d43.258532!4d-2.9222252!16s%2Fg%2F1tdkt3bq?entry=ttu\" target=\"_blank\">\n\t\t\t\t\t\t<span class=\"elementor-button-content-wrapper\">\n\t\t\t\t\t\t\t\t\t<span class=\"elementor-button-text\">Encuentranos<\/span>\n\t\t\t\t\t<\/span>\n\t\t\t\t\t<\/a>\n\t\t\t\t<\/div>\n\t\t\t\t\t\t\t\t<\/div>\n\t\t\t\t<\/div>\n\t\t\t\t\t<\/div>\n\t\t<\/div>\n\t\t\t\t\t<\/div>\n\t\t<\/section>\n\t\t\t\t<\/div>\n\t\t","protected":false},"excerpt":{"rendered":"<p>Estilo que inspira, moda que enamora: Descubre tu esencia en cada prenda, en nuestra tienda de ropa para mujeres. Sobre nosotros Nuestra tienda de moda para mujeres est\u00e1 en el casco viejo y estamos comprometidos a ofrecer un servicio al cliente profesional y personalizado. Nos esforzamos por brindar una experiencia de compra excepcional con una [&hellip;]<\/p>\n","protected":false},"author":1,"featured_media":0,"parent":0,"menu_order":0,"comment_status":"closed","ping_status":"closed","template":"elementor_canvas","meta":{"footnotes":""},"class_list":["post-2","page","type-page","status-publish","hentry"],"yoast_head":"<!-- This site is optimized with the Yoast SEO plugin v27.5 - https:\/\/yoast.com\/product\/yoast-seo-wordpress\/ -->\n<title>Inicio - Modas Bibi<\/title>\n<meta name=\"robots\" content=\"index, follow, max-snippet:-1, max-image-preview:large, max-video-preview:-1\" \/>\n<link rel=\"canonical\" href=\"https:\/\/modasbibi.com\/eus\/\" \/>\n<meta property=\"og:locale\" content=\"en_US\" \/>\n<meta property=\"og:type\" content=\"article\" \/>\n<meta property=\"og:title\" content=\"Inicio - Modas Bibi\" \/>\n<meta property=\"og:description\" content=\"Estilo que inspira, moda que enamora: Descubre tu esencia en cada prenda, en nuestra tienda de ropa para mujeres. Sobre nosotros Nuestra tienda de moda para mujeres est\u00e1 en el casco viejo y estamos comprometidos a ofrecer un servicio al cliente profesional y personalizado. Nos esforzamos por brindar una experiencia de compra excepcional con una [&hellip;]\" \/>\n<meta property=\"og:url\" content=\"https:\/\/modasbibi.com\/eus\/\" \/>\n<meta property=\"og:site_name\" content=\"Modas Bibi\" \/>\n<meta property=\"article:modified_time\" content=\"2024-05-21T07:16:00+00:00\" \/>\n<meta property=\"og:image\" content=\"https:\/\/modasbibi.com\/wp-content\/uploads\/2024\/05\/modasbibi-1024x603.png\" \/>\n<meta name=\"twitter:card\" content=\"summary_large_image\" \/>\n<meta name=\"twitter:label1\" content=\"Est. reading time\" \/>\n\t<meta name=\"twitter:data1\" content=\"1 minutua\" \/>\n<script type=\"application\/ld+json\" class=\"yoast-schema-graph\">{\"@context\":\"https:\\\/\\\/schema.org\",\"@graph\":[{\"@type\":\"WebPage\",\"@id\":\"https:\\\/\\\/modasbibi.com\\\/\",\"url\":\"https:\\\/\\\/modasbibi.com\\\/\",\"name\":\"Inicio - Modas Bibi\",\"isPartOf\":{\"@id\":\"https:\\\/\\\/modasbibi.com\\\/#website\"},\"primaryImageOfPage\":{\"@id\":\"https:\\\/\\\/modasbibi.com\\\/#primaryimage\"},\"image\":{\"@id\":\"https:\\\/\\\/modasbibi.com\\\/#primaryimage\"},\"thumbnailUrl\":\"https:\\\/\\\/modasbibi.com\\\/wp-content\\\/uploads\\\/2024\\\/05\\\/modasbibi-1024x603.png\",\"datePublished\":\"2024-05-03T13:54:32+00:00\",\"dateModified\":\"2024-05-21T07:16:00+00:00\",\"breadcrumb\":{\"@id\":\"https:\\\/\\\/modasbibi.com\\\/#breadcrumb\"},\"inLanguage\":\"eu\",\"potentialAction\":[{\"@type\":\"ReadAction\",\"target\":[\"https:\\\/\\\/modasbibi.com\\\/\"]}]},{\"@type\":\"ImageObject\",\"inLanguage\":\"eu\",\"@id\":\"https:\\\/\\\/modasbibi.com\\\/#primaryimage\",\"url\":\"https:\\\/\\\/modasbibi.com\\\/wp-content\\\/uploads\\\/2024\\\/05\\\/modasbibi-1024x603.png\",\"contentUrl\":\"https:\\\/\\\/modasbibi.com\\\/wp-content\\\/uploads\\\/2024\\\/05\\\/modasbibi-1024x603.png\"},{\"@type\":\"BreadcrumbList\",\"@id\":\"https:\\\/\\\/modasbibi.com\\\/#breadcrumb\",\"itemListElement\":[{\"@type\":\"ListItem\",\"position\":1,\"name\":\"Portada\",\"item\":\"https:\\\/\\\/modasbibi.com\\\/\"},{\"@type\":\"ListItem\",\"position\":2,\"name\":\"Inicio\"}]},{\"@type\":\"WebSite\",\"@id\":\"https:\\\/\\\/modasbibi.com\\\/#website\",\"url\":\"https:\\\/\\\/modasbibi.com\\\/\",\"name\":\"Modas Bibi\",\"description\":\"Nuestra tienda de moda para mujeres est\u00e1 en el casco viejo y estamos comprometidos a ofrecer un servicio al cliente profesional y personalizado.\",\"publisher\":{\"@id\":\"https:\\\/\\\/modasbibi.com\\\/#organization\"},\"potentialAction\":[{\"@type\":\"SearchAction\",\"target\":{\"@type\":\"EntryPoint\",\"urlTemplate\":\"https:\\\/\\\/modasbibi.com\\\/?s={search_term_string}\"},\"query-input\":{\"@type\":\"PropertyValueSpecification\",\"valueRequired\":true,\"valueName\":\"search_term_string\"}}],\"inLanguage\":\"eu\"},{\"@type\":\"Organization\",\"@id\":\"https:\\\/\\\/modasbibi.com\\\/#organization\",\"name\":\"Modas Bibi\",\"url\":\"https:\\\/\\\/modasbibi.com\\\/\",\"logo\":{\"@type\":\"ImageObject\",\"inLanguage\":\"eu\",\"@id\":\"https:\\\/\\\/modasbibi.com\\\/#\\\/schema\\\/logo\\\/image\\\/\",\"url\":\"https:\\\/\\\/modasbibi.com\\\/wp-content\\\/uploads\\\/2024\\\/05\\\/cropped-Sin-titulo-1_Mesa-de-trabajo-1.png\",\"contentUrl\":\"https:\\\/\\\/modasbibi.com\\\/wp-content\\\/uploads\\\/2024\\\/05\\\/cropped-Sin-titulo-1_Mesa-de-trabajo-1.png\",\"width\":1919,\"height\":1080,\"caption\":\"Modas Bibi\"},\"image\":{\"@id\":\"https:\\\/\\\/modasbibi.com\\\/#\\\/schema\\\/logo\\\/image\\\/\"}}]}<\/script>\n<!-- \/ Yoast SEO plugin. -->","yoast_head_json":{"title":"Inicio - Modas Bibi","robots":{"index":"index","follow":"follow","max-snippet":"max-snippet:-1","max-image-preview":"max-image-preview:large","max-video-preview":"max-video-preview:-1"},"canonical":"https:\/\/modasbibi.com\/eus\/","og_locale":"en_US","og_type":"article","og_title":"Inicio - Modas Bibi","og_description":"Estilo que inspira, moda que enamora: Descubre tu esencia en cada prenda, en nuestra tienda de ropa para mujeres. Sobre nosotros Nuestra tienda de moda para mujeres est\u00e1 en el casco viejo y estamos comprometidos a ofrecer un servicio al cliente profesional y personalizado. Nos esforzamos por brindar una experiencia de compra excepcional con una [&hellip;]","og_url":"https:\/\/modasbibi.com\/eus\/","og_site_name":"Modas Bibi","article_modified_time":"2024-05-21T07:16:00+00:00","og_image":[{"url":"https:\/\/modasbibi.com\/wp-content\/uploads\/2024\/05\/modasbibi-1024x603.png","type":"","width":"","height":""}],"twitter_card":"summary_large_image","twitter_misc":{"Est. reading time":"1 minutua"},"schema":{"@context":"https:\/\/schema.org","@graph":[{"@type":"WebPage","@id":"https:\/\/modasbibi.com\/","url":"https:\/\/modasbibi.com\/","name":"Inicio - Modas Bibi","isPartOf":{"@id":"https:\/\/modasbibi.com\/#website"},"primaryImageOfPage":{"@id":"https:\/\/modasbibi.com\/#primaryimage"},"image":{"@id":"https:\/\/modasbibi.com\/#primaryimage"},"thumbnailUrl":"https:\/\/modasbibi.com\/wp-content\/uploads\/2024\/05\/modasbibi-1024x603.png","datePublished":"2024-05-03T13:54:32+00:00","dateModified":"2024-05-21T07:16:00+00:00","breadcrumb":{"@id":"https:\/\/modasbibi.com\/#breadcrumb"},"inLanguage":"eu","potentialAction":[{"@type":"ReadAction","target":["https:\/\/modasbibi.com\/"]}]},{"@type":"ImageObject","inLanguage":"eu","@id":"https:\/\/modasbibi.com\/#primaryimage","url":"https:\/\/modasbibi.com\/wp-content\/uploads\/2024\/05\/modasbibi-1024x603.png","contentUrl":"https:\/\/modasbibi.com\/wp-content\/uploads\/2024\/05\/modasbibi-1024x603.png"},{"@type":"BreadcrumbList","@id":"https:\/\/modasbibi.com\/#breadcrumb","itemListElement":[{"@type":"ListItem","position":1,"name":"Portada","item":"https:\/\/modasbibi.com\/"},{"@type":"ListItem","position":2,"name":"Inicio"}]},{"@type":"WebSite","@id":"https:\/\/modasbibi.com\/#website","url":"https:\/\/modasbibi.com\/","name":"Modas Bibi","description":"Nuestra tienda de moda para mujeres est\u00e1 en el casco viejo y estamos comprometidos a ofrecer un servicio al cliente profesional y personalizado.","publisher":{"@id":"https:\/\/modasbibi.com\/#organization"},"potentialAction":[{"@type":"SearchAction","target":{"@type":"EntryPoint","urlTemplate":"https:\/\/modasbibi.com\/?s={search_term_string}"},"query-input":{"@type":"PropertyValueSpecification","valueRequired":true,"valueName":"search_term_string"}}],"inLanguage":"eu"},{"@type":"Organization","@id":"https:\/\/modasbibi.com\/#organization","name":"Modas Bibi","url":"https:\/\/modasbibi.com\/","logo":{"@type":"ImageObject","inLanguage":"eu","@id":"https:\/\/modasbibi.com\/#\/schema\/logo\/image\/","url":"https:\/\/modasbibi.com\/wp-content\/uploads\/2024\/05\/cropped-Sin-titulo-1_Mesa-de-trabajo-1.png","contentUrl":"https:\/\/modasbibi.com\/wp-content\/uploads\/2024\/05\/cropped-Sin-titulo-1_Mesa-de-trabajo-1.png","width":1919,"height":1080,"caption":"Modas Bibi"},"image":{"@id":"https:\/\/modasbibi.com\/#\/schema\/logo\/image\/"}}]}},"_links":{"self":[{"href":"https:\/\/modasbibi.com\/eus\/wp-json\/wp\/v2\/pages\/2","targetHints":{"allow":["GET"]}}],"collection":[{"href":"https:\/\/modasbibi.com\/eus\/wp-json\/wp\/v2\/pages"}],"about":[{"href":"https:\/\/modasbibi.com\/eus\/wp-json\/wp\/v2\/types\/page"}],"author":[{"embeddable":true,"href":"https:\/\/modasbibi.com\/eus\/wp-json\/wp\/v2\/users\/1"}],"replies":[{"embeddable":true,"href":"https:\/\/modasbibi.com\/eus\/wp-json\/wp\/v2\/comments?post=2"}],"version-history":[{"count":202,"href":"https:\/\/modasbibi.com\/eus\/wp-json\/wp\/v2\/pages\/2\/revisions"}],"predecessor-version":[{"id":843,"href":"https:\/\/modasbibi.com\/eus\/wp-json\/wp\/v2\/pages\/2\/revisions\/843"}],"wp:attachment":[{"href":"https:\/\/modasbibi.com\/eus\/wp-json\/wp\/v2\/media?parent=2"}],"curies":[{"name":"wp","href":"https:\/\/api.w.org\/{rel}","templated":true}]}}